{"id":3,"date":"2023-11-25T00:50:41","date_gmt":"2023-11-25T00:50:41","guid":{"rendered":"http:\/\/logiqueconsulting.com\/?page_id=3"},"modified":"2024-01-17T18:57:17","modified_gmt":"2024-01-17T18:57:17","slug":"privacy-policy","status":"publish","type":"page","link":"https:\/\/logiqueconsulting.com\/index.php\/privacy-policy\/","title":{"rendered":"POL\u00cdTICA DE TRATAMIENTO DE LA INFORMACI\u00d3N LOGIQUE CONSULTING &#8211; RELACIONES CON TERCEROS"},"content":{"rendered":"\t\t<div data-elementor-type=\"wp-page\" data-elementor-id=\"3\" class=\"elementor elementor-3\">\n\t\t\t\t\t\t\t<div class=\"elementor-element elementor-element-5bbff75 e-flex e-con-boxed e-con e-parent\" data-id=\"5bbff75\" data-element_type=\"container\" data-settings=\"{&quot;jet_parallax_layout_list&quot;:[],&quot;content_width&quot;:&quot;boxed&quot;}\" data-core-v316-plus=\"true\">\n\t\t\t\t\t<div class=\"e-con-inner\">\n\t\t\t\t<div class=\"elementor-element elementor-element-4ac712dd elementor-widget elementor-widget-text-editor\" data-id=\"4ac712dd\" data-element_type=\"widget\" data-widget_type=\"text-editor.default\">\n\t\t\t\t<div class=\"elementor-widget-container\">\n\t\t\t<style>\/*! elementor - v3.18.0 - 08-12-2023 *\/\n.elementor-widget-text-editor.elementor-drop-cap-view-stacked .elementor-drop-cap{background-color:#69727d;color:#fff}.elementor-widget-text-editor.elementor-drop-cap-view-framed .elementor-drop-cap{color:#69727d;border:3px solid;background-color:transparent}.elementor-widget-text-editor:not(.elementor-drop-cap-view-default) .elementor-drop-cap{margin-top:8px}.elementor-widget-text-editor:not(.elementor-drop-cap-view-default) .elementor-drop-cap-letter{width:1em;height:1em}.elementor-widget-text-editor .elementor-drop-cap{float:left;text-align:center;line-height:1;font-size:50px}.elementor-widget-text-editor .elementor-drop-cap-letter{display:inline-block}<\/style>\t\t\t\t<p><!-- wp:heading --><\/p>\n<p>En atenci\u00f3n a la Ley 1581 de 2012, Decreto 1377 de 2013 y regulaci\u00f3n complementaria vigente en Colombia, la presente pol\u00edtica de privacidad (en adelante &#8220;La Pol\u00edtica&#8221;) establece c\u00f3mo LOGIQUE CONSULTING SAS (en adelante &#8221; LOGIQUE CONSULTING SAS&#8221;), una sociedad debidamente constituida en Colombia, identificada con NIT. 90173356, domiciliada en la Bogot\u00e1 D.C., recolecta y hace el tratamiento de sus datos personales (en adelante los \u201cDatos Personales\u201d).<\/p>\n<p><b>1. Datos personales que recolectamos y tratamos<\/b><\/p><p><b><br><\/b>Con el fin de dar cumplimiento a las obligaciones y actividades descritas en la secci\u00f3n 2 de esta Pol\u00edtica, LOGIQUE CONSULTING SAS directamente o a trav\u00e9s de otras empresas vinculadas a LOGIQUE CONSULTING SAS recolecta los siguientes datos, los cuales son Datos Personales no sensibles:<br>1.1 Nombre, n\u00famero de documento de identidad, domicilio, tel\u00e9fono, direcci\u00f3n f\u00edsica o postal, correo electr\u00f3nico, informaci\u00f3n de contacto, cargo dentro de la empresa donde trabaja, estado civil;<br>1.2 Informaci\u00f3n que sea enviada a nosotros o consultada a trav\u00e9s de bases de datos de universidades, sitios web o redes sociales tales como LinkedIn, entre otros medios donde Usted haya incluido sus Datos Personales;<br>1.3 Informaci\u00f3n financiera cuando \u00e9sta sea necesaria para hacer un pago o presentar una factura, incluyendo el n\u00famero de sus cuentas bancarias, bancos donde Usted tiene sus cuentas, referencias bancarias y comerciales.<\/p>\n<p><b>2. Tratamiento al que sus Datos Personales estar\u00e1n sujetos<\/b><\/p>\n<p>LOGIQUE CONSULTING SAS har\u00e1 el tratamiento de sus Datos Personales, es decir que respecto de los mismos realizar\u00e1 actividades tales como la recolecci\u00f3n, almacenamiento, uso, circulaci\u00f3n o supresi\u00f3n, con el fin de cumplir con el desarrollo normal del objeto social de nuestra compa\u00f1\u00eda, de nuestra relaci\u00f3n con Usted y la empresa a la que est\u00e9 vinculado o vinculada. Dentro de esta finalidad, haremos el tratamiento de sus Datos Personales para:<br>2.1 Tratamiento de Datos Personales con anterioridad al inicio de una relaci\u00f3n laboral<br>La finalidad del tratamiento de los Datos Personales suministrados por los interesados en participar en un proceso de selecci\u00f3n y la informaci\u00f3n personal obtenida en dicho proceso, se limita a: (i) clasificaci\u00f3n, almacenamiento, archivo de los datos personales, (ii) entrega de la informaci\u00f3n a terceros encargados de los proceso de selecci\u00f3n, (iii) verificaci\u00f3n, comparaci\u00f3n, evaluaci\u00f3n de las competencias laborales y personales de los prospectos respecto de los criterios de selecci\u00f3n de LOGIQUE CONSULTING SAS (iv) LOGIQUE CONSULTING SAS podr\u00e1 consultar y evaluar toda la informaci\u00f3n que sobre el aspirante al cargo se encuentre almacenada en las bases de datos de antecedentes judiciales o de seguridad leg\u00edtimamente constituida, de naturaleza estatal o privada, nacional o extranjera.<br>2.2 Tratamiento de Datos Personales de proveedores<br>La finalidad del tratamiento de los datos personales suministrados por los proveedores de LOGIQUE CONSULTING SAS son: (i) almacenar y clasificar la informaci\u00f3n suministrada por los proveedores para su f\u00e1cil identificaci\u00f3n (ii) consultar, comparar y evaluar toda la informaci\u00f3n que sobre el proveedor se encuentre almacenada en las bases de datos de antecedentes judiciales o de seguridad leg\u00edtimamente constituida, de naturaleza estatal o privada, nacional o extranjera, o cualquier bases de datos comercial o de servicios que permita establecer de manera integral el comportamiento como proveedor, incluidas las consultas en las listas para la prevenci\u00f3n y control de lavado de activos y financiaci\u00f3n del terrorismo. (iii) analizar, procesar, evaluar y comparar la informaci\u00f3n suministrada por los proveedores, (iv) env\u00edo de informaci\u00f3n de inter\u00e9s y de invitaciones a eventos programados por LOGIQUE CONSULTING SAS (v) dar cumplimiento a la ley colombiana o extrajera y a las \u00f3rdenes de autoridades judiciales y\/o administrativas, (vi) emisi\u00f3n de certificaciones relativas a la relaci\u00f3n entre el titular del dato con LOGIQUE CONSULTING SAS, (vii) entrega de informaci\u00f3n a entes de inspecci\u00f3n, vigilancia, control, regulatorio o auditores internos o externos (ix) para pagos del contrato y control de los impuestos relacionados con dicha relaci\u00f3n contractual (x) para la elaboraci\u00f3n de invitaciones a ofertar o cotizar (xi) para dar cumplimiento a todas las obligaciones derivadas de la relaci\u00f3n contractual con los proveedores.<br>2.3 Tratamiento de Datos Personales de clientes<br>La finalidad del tratamiento de los datos personales suministrados por los clientes de LOGIQUE CONSULTING SAS son: (i) disponer de la informaci\u00f3n personal suministrada al momento de suscribir el contrato con el fin de dar cumplimiento a las obligaciones del mismo (ii) realizar ofertas, promociones, concursos y otorgar beneficios de nuestro portafolio de productos y servicios (iii) realizar evaluaci\u00f3n y estudios relacionados con los productos y servicios que ofrecemos y prestamos (iv) env\u00edo de comunicaciones de car\u00e1cter comercial relacionadas con los productos y servicios que ofrecemos y prestamos.<br>2.4 Tratamiento de Datos Personales de car\u00e1cter financiero<br>LOGIQUE CONSULTING SAS realizar\u00e1 el tratamiento de sus Datos Personales de car\u00e1cter financiero s\u00f3lo cuando \u00e9sta informaci\u00f3n sea necesaria para poder llevar a cabo los procesos de facturaci\u00f3n, cartera, cobranza y pagos por los productos y servicios que hayan sido prestados o suministrados a y por LOGIQUE CONSULTING SAS y para el env\u00edo de las facturas ya sea de forma electr\u00f3nica, f\u00edsica o por cualquier medio pactado con Usted.<br>2.5 Generales<br>LOGIQUE CONSULTING SAS recolecta sus Datos Personales a trav\u00e9s de diversas fuentes de informaci\u00f3n como pueden ser mensajes electr\u00f3nicos de car\u00e1cter personal o de trabajo, a trav\u00e9s de la p\u00e1gina web https:\/\/logiqueconsulting.com\/ o correspondencia f\u00edsica, por informaci\u00f3n ya existente en las bases de datos de LOGIQUE CONSULTING SAS conforme a lo establecido en los procedimientos del Decreto 1733 de 2013 en su art\u00edculo 10, a trav\u00e9s de mensajes de voz, informaci\u00f3n archivada en computadores y dispositivos electr\u00f3nicos de LOGIQUE CONSULTING SAS, sistemas de fax, acceso a internet, correspondencia o a trav\u00e9s de cualquier otro dispositivo electr\u00f3nico para las comunicaciones y cualquier otro recurso tecnol\u00f3gico.<br>LOGIQUE CONSULTING SAS \u00fanicamente usar\u00e1 los Datos Personales dentro del uso que Usted haya autorizado, s\u00f3lo lo transmitir\u00e1 a su casa matriz, subsidiarias si llegaren a existir actuando en nombre de LOGIQUE CONSULTING SAS, a clientes o terceros cuando ello sea necesario como resultado del giro ordinario de la operaci\u00f3n de LOGIQUE CONSULTING SAS y a autoridades cuando sea requerida por leyes aplicables. LOGIQUE CONSULTING SAS, resguardar\u00e1 y proteger\u00e1 los Datos Personales recibidos en su domicilio, limitando su uso y divulgaci\u00f3n al objeto autorizado.<\/p>\n<p><b>3. Sus derechos como titular de los Datos Personales<\/b><\/p><p><b><br><\/b>En concordancia con el art\u00edculo 8 de la Ley 1581 de 2012, LOGIQUE CONSULTING SAS manifiesta que Usted tiene los siguientes derechos legales:<br>3.1 Conocer, actualizar y corregir sus Datos Personales ante LOGIQUE CONSULTING SAS. Este derecho puede ser ejercido, entre otros, en relaci\u00f3n con la informaci\u00f3n, parcial, inexacta, incompleta, dividida, informaci\u00f3n enga\u00f1osa o cuyo tratamiento sea prohibido o no autorizado.<br>3.2 Requerir prueba del consentimiento otorgado a LOGIQUE CONSULTING SAS para la recolecci\u00f3n y el tratamiento de sus Datos Personales, tener acceso a sus Datos Personales que son objeto de tratamiento por parte de LOGIQUE CONSULTING SAS y en general, ser informado por LOGIQUE CONSULTING SAS del tratamiento que se le est\u00e1 dando a sus Datos Personales. Para esto, es importante que se surtan los procedimientos establecidos en la secci\u00f3n 6 de esta Pol\u00edtica de Privacidad.<br>3.3 Revocar la autorizaci\u00f3n otorgada a LOGIQUE CONSULTING SAS y\/o solicitar la supresi\u00f3n de sus Datos Personales cuando Usted considere que LOGIQUE CONSULTING SAS no est\u00e1 respetando los principios, derechos y garant\u00edas constitucionales y legales. En estos casos LOGIQUE CONSULTING SAS le informar\u00e1 sobre las implicaciones que pueda tener la revocatoria de la autorizaci\u00f3n o la supresi\u00f3n de sus Datos Personales de la base de datos.<br>3.4 Tener acceso a los Datos Personales que LOGIQUE CONSULTING SAS haya recolectado y tratado.<br>3.5 Si Usted no est\u00e1 conforme con la forma en que LOGIQUE CONSULTING SAS trata sus Datos Personales o tiene alguna queja o reclamo, podr\u00e1 presentar un comunicado ante el oficial de protecci\u00f3n de datos de LOGIQUE CONSULTING SAS al mail contacto@logiqueconsulting.com.<br>3.6 Si el oficial de protecci\u00f3n de datos de LOGIQUE CONSULTING SAS no resuelve sus inquietudes o no atiende su queja, puede dirigirse a la Superintendencia de Industria y Comercio para presentar sus inquietudes, quejas o reclamos si considera que LOGIQUE CONSULTING SAS ha violado sus derechos de habeas data o las disposiciones de la Ley 1581 de 2012, el Decreto 1377 de 2013 y otras normas que las modifiquen, adicionen o complementen.<\/p><p><br><b>4. Personas o \u00e1rea responsable de responder las consultas, solicitudes o reclamos relacionados con el tratamiento de sus Datos Personales<\/b><\/p><p><b><br><\/b>Si usted tiene preguntas, consultas o reclamos relacionados con sus Datos Personales, puede contactar al Oficial de Protecci\u00f3n de Datos de LOGIQUE CONSULTING SAS en contacto@logiqueconsulting.com, (en adelante el &#8220;Oficial de Protecci\u00f3n de Datos&#8221;). Usted puede ejercer su derecho a conocer, actualizar, rectificar o eliminar sus Datos Personales y revocar el consentimiento otorgado a LOGIQUE CONSULTING SAS para el tratamiento de sus Datos Personales ante esta persona o \u00e1rea de LOGIQUE CONSULTING SAS.<\/p><p><br><b>5. Pol\u00edtica de seguridad de LOGIQUE CONSULTING SAS<\/b><\/p><p><br>LOGIQUE CONSULTING SAS toma las medidas efectivas, apropiadas razonables para proteger sus Datos Personales de p\u00e9rdida, uso indebido, acceso no autorizado, divulgaci\u00f3n, alteraci\u00f3n y destrucci\u00f3n.<\/p><p><br><b>6. Procedimiento para ejercer sus derechos<\/b><\/p><p><b><br><\/b>Cualquier pregunta o consulta en relaci\u00f3n con sus Datos Personales recolectados y tratados por LOGIQUE CONSULTING SAS, ser\u00e1 recibida por el Oficial de Protecci\u00f3n de Datos de LOGIQUE CONSULTING SAS, para lo que deber\u00e1 enviar una descripci\u00f3n escrita de su consulta a contacto@logiqueconsulting.com.<br>El Oficial de Protecci\u00f3n de Datos de LOGIQUE CONSULTING SAS resolver\u00e1 su pregunta o consulta dentro de los diez (10) d\u00edas h\u00e1biles siguientes a la fecha en que la pregunta o consulta sea recibida. Si no es posible para el Oficial de Protecci\u00f3n de Datos de LOGIQUE CONSULTING SAS responder su reclamo dentro del t\u00e9rmino mencionado, el Oficial de Protecci\u00f3n de Datos de LOGIQUE CONSULTING SAS le har\u00e1 saber la situaci\u00f3n y le explicar\u00e1 la raz\u00f3n del retraso. En cualquier circunstancia el Oficial de Protecci\u00f3n de Datos de LOGIQUE CONSULTING SAS le responder\u00e1 dentro de los cinco (5) d\u00edas h\u00e1biles siguientes al vencimiento del t\u00e9rmino de los diez (10) d\u00edas h\u00e1biles iniciales.<\/p><p><br>El consentimiento otorgado por Usted podr\u00e1 ser revocado en cualquier momento, mediante aviso previo, escrito y firmado dirigido al Oficial de Protecci\u00f3n de Datos de LOGIQUE CONSULTING SAS, en la direcci\u00f3n electr\u00f3nica antes citada, en los t\u00e9rminos establecidos por la Ley. <br>Si Usted considera que la informaci\u00f3n contenida en la base de datos de LOGIQUE CONSULTING SAS est\u00e1 sujeta a correcci\u00f3n, actualizaci\u00f3n o eliminaci\u00f3n o si considera que LOGIQUE CONSULTING SAS no est\u00e1 cumpliendo con sus obligaciones establecidas en la Ley 1581 de 2012, usted deber\u00e1 presentar una queja a LOGIQUE CONSULTING SAS, dirigida al Oficial de Protecci\u00f3n de Datos, que ser\u00e1 tratada de acuerdo al procedimiento establecido en el art\u00edculo 15 de la Ley 1581 de 2012.<\/p><p><br><b>7. Fecha de vigencia de la Pol\u00edtica y fecha de vencimiento de la base de datos.<\/b><\/p><p><b><br><\/b>Esta pol\u00edtica de privacidad entrar\u00e1 en vigencia el 16 de enero de 2024 y sus Datos Personales permanecer\u00e1n en la base de datos de LOGIQUE CONSULTING SAS hasta que los mismos cumplan con la finalidad para los cuales fueron recolectados o al finalizar el t\u00e9rmino de tiempo establecido cuando medie disposici\u00f3n legal.<\/p>\n<p><!-- \/wp:paragraph --><\/p>\t\t\t\t\t\t<\/div>\n\t\t\t\t<\/div>\n\t\t\t\t\t<\/div>\n\t\t\t\t<\/div>\n\t\t\t\t\t\t\t<\/div>\n\t\t","protected":false},"excerpt":{"rendered":"<p>En atenci\u00f3n a la Ley 1581 de 2012, Decreto 1377 de 2013 y regulaci\u00f3n complementaria vigente en Colombia, la presente pol\u00edtica de privacidad (en adelante &#8220;La Pol\u00edtica&#8221;) establece c\u00f3mo LOGIQUE CONSULTING SAS (en adelante &#8221; LOGIQUE CONSULTING SAS&#8221;), una sociedad debidamente constituida en Colombia, identificada con NIT. 90173356, domiciliada en la Bogot\u00e1 D.C., recolecta y [&hellip;]<\/p>\n","protected":false},"author":1,"featured_media":0,"parent":0,"menu_order":0,"comment_status":"closed","ping_status":"open","template":"","meta":{"_monsterinsights_skip_tracking":false,"_monsterinsights_sitenote_active":false,"_monsterinsights_sitenote_note":"","_monsterinsights_sitenote_category":0,"footnotes":""},"aioseo_notices":[],"jetpack_sharing_enabled":true,"_links":{"self":[{"href":"https:\/\/logiqueconsulting.com\/index.php\/wp-json\/wp\/v2\/pages\/3"}],"collection":[{"href":"https:\/\/logiqueconsulting.com\/index.php\/wp-json\/wp\/v2\/pages"}],"about":[{"href":"https:\/\/logiqueconsulting.com\/index.php\/wp-json\/wp\/v2\/types\/page"}],"author":[{"embeddable":true,"href":"https:\/\/logiqueconsulting.com\/index.php\/wp-json\/wp\/v2\/users\/1"}],"replies":[{"embeddable":true,"href":"https:\/\/logiqueconsulting.com\/index.php\/wp-json\/wp\/v2\/comments?post=3"}],"version-history":[{"count":6,"href":"https:\/\/logiqueconsulting.com\/index.php\/wp-json\/wp\/v2\/pages\/3\/revisions"}],"predecessor-version":[{"id":595,"href":"https:\/\/logiqueconsulting.com\/index.php\/wp-json\/wp\/v2\/pages\/3\/revisions\/595"}],"wp:attachment":[{"href":"https:\/\/logiqueconsulting.com\/index.php\/wp-json\/wp\/v2\/media?parent=3"}],"curies":[{"name":"wp","href":"https:\/\/api.w.org\/{rel}","templated":true}]}}